{"id":1802,"date":"2022-06-20T10:45:26","date_gmt":"2022-06-20T15:45:26","guid":{"rendered":"https:\/\/spanish-base.six.zysites.com\/about-us\/"},"modified":"2025-12-12T14:13:50","modified_gmt":"2025-12-12T20:13:50","slug":"about-us","status":"publish","type":"page","link":"https:\/\/www.zeroninsurance.com\/es\/about-us\/","title":{"rendered":"Sobre nosotras"},"content":{"rendered":"<p>Zeron Insurance Services: Personas ayudando a personas<\/p>\n<p>Fundamos Zeron Insurance con un objetivo: brindar un servicio al cliente excepcional y tratar a las personas como si fueran de nuestra familia, no como simples n\u00fameros. Desde el primer d\u00eda, nos propusimos crear algo diferente al enfoque de las grandes corporaciones: un lugar donde los clientes realmente importan y las soluciones concretas son la prioridad.<\/p>\n<p>Nuestra comunidad merece honestidad, rapidez y alguien en quien confiar cuando la vida se complica. Por eso creamos un servicio integral de seguros, tr\u00e1mites de tr\u00e1nsito y servicios fiscales, dise\u00f1ado para eliminar el estr\u00e9s y brindar claridad desde el momento en que entra por nuestras puertas.<\/p>\n<p>Sin barreras corporativas. Sin actitudes prefabricadas.<br \/>\nSolo personas genuinas ayudando a personas.<\/p>\n<p>Escuchamos. Guiamos. Explicamos todo en un lenguaje sencillo. Y siempre vamos m\u00e1s all\u00e1, porque hacer lo correcto por nuestros clientes es la base de nuestra identidad.<\/p>\n<p>A medida que hemos crecido, nuestros valores no han cambiado: la integridad, la transparencia, el respeto y la pasi\u00f3n siguen guiando cada decisi\u00f3n que tomamos. Zeron Insurance sigue siendo una agencia arraigada en la comunidad, comprometida a servir a las familias y a empoderar a los due\u00f1os de negocios todos los d\u00edas.<\/p>\n<p>Estamos aqu\u00ed para simplificarle la vida, y lo acompa\u00f1aremos en cada paso del camino.<\/p>\n","protected":false},"excerpt":{"rendered":"<p>Zeron Insurance Services: Personas ayudando a personas Fundamos Zeron Insurance con un objetivo: brindar un servicio al cliente excepcional y tratar a las personas como si fueran de nuestra familia, no como simples n\u00fameros. Desde el primer d\u00eda, nos propusimos crear algo diferente al enfoque de las grandes corporaciones: un lugar donde los clientes realmente [&hellip;]<\/p>\n","protected":false},"author":69,"featured_media":0,"parent":0,"menu_order":0,"comment_status":"closed","ping_status":"closed","template":"","meta":{"_acf_changed":false,"_seopress_robots_primary_cat":"","_seopress_titles_title":"","_seopress_titles_desc":"","_seopress_robots_index":"","_analytify_skip_tracking":false,"footnotes":""},"class_list":["post-1802","page","type-page","status-publish","hentry"],"acf":[],"_links":{"self":[{"href":"https:\/\/www.zeroninsurance.com\/es\/wp-json\/wp\/v2\/pages\/1802","targetHints":{"allow":["GET"]}}],"collection":[{"href":"https:\/\/www.zeroninsurance.com\/es\/wp-json\/wp\/v2\/pages"}],"about":[{"href":"https:\/\/www.zeroninsurance.com\/es\/wp-json\/wp\/v2\/types\/page"}],"author":[{"embeddable":true,"href":"https:\/\/www.zeroninsurance.com\/es\/wp-json\/wp\/v2\/users\/69"}],"replies":[{"embeddable":true,"href":"https:\/\/www.zeroninsurance.com\/es\/wp-json\/wp\/v2\/comments?post=1802"}],"version-history":[{"count":0,"href":"https:\/\/www.zeroninsurance.com\/es\/wp-json\/wp\/v2\/pages\/1802\/revisions"}],"wp:attachment":[{"href":"https:\/\/www.zeroninsurance.com\/es\/wp-json\/wp\/v2\/media?parent=1802"}],"curies":[{"name":"wp","href":"https:\/\/api.w.org\/{rel}","templated":true}]}}